{"id":6,"date":"2012-10-02T15:16:10","date_gmt":"2012-10-02T15:16:10","guid":{"rendered":"http:\/\/mariavallejonageradotorg.wordpress.com\/?page_id=2"},"modified":"2026-03-26T13:35:02","modified_gmt":"2026-03-26T13:35:02","slug":"about","status":"publish","type":"page","link":"https:\/\/mariavallejonagera.net\/","title":{"rendered":"Mar\u00eda Vallejo Nagera"},"content":{"rendered":"\n<p class=\"has-text-align-center has-huge-font-size\"><strong> Mar\u00eda Vallejo-N\u00e1gera<\/strong><\/p>\n\n\n\n<p class=\"has-text-align-center\">Web oficial de Mar\u00eda Vallejo-N\u00e1gera<\/p>\n\n\n<p><img loading=\"lazy\" decoding=\"async\" class=\"alignnone size-full wp-image-55 aligncenter\" src=\"https:\/\/mariavallejonagera.net\/wp-content\/uploads\/2012\/10\/inicio_04_12.jpg\" alt=\"inicio_04_1\" width=\"370\" height=\"479\" srcset=\"https:\/\/mariavallejonagera.net\/wp-content\/uploads\/2012\/10\/inicio_04_12.jpg 370w, https:\/\/mariavallejonagera.net\/wp-content\/uploads\/2012\/10\/inicio_04_12-232x300.jpg 232w\" sizes=\"auto, (max-width: 370px) 100vw, 370px\" \/><\/p>\n<p>Despu\u00e9s de 2000 a\u00f1os Jes\u00fas sigue vivo y muy activo entre nosotros. \u00bfQui\u00e9n lo cree hoy? \u00bfQu\u00e9 cabeza pensante del siglo XXI es capaz de asumirlo? \u00a1Est\u00e1 vivo en un peque\u00f1o trozo de pan consagrado! Es el mismo que andaba por Galilea\u2026 \u00a1No hay diferencia! Suena a locura, \u00bfverdad?<\/p>\n<p>El hombre contempor\u00e1neo desea probarlo todo, y si no halla respuesta en el laboratorio, echa por tierra la fe de un plumazo. Entonces llama <em>ingenuo medieval<\/em> al creyente. A trav\u00e9s de las p\u00e1ginas de este libro, Mar\u00eda Vallejo-N\u00e1gera nos sorprende con relatos reales y extraordinarios que tienen como eje la adoraci\u00f3n eucar\u00edstica, donde los protagonistas \u2013entre los que se encuentra la propia autora\u2013 son buscados y sorprendidos por Jes\u00fas-Eucarist\u00eda. Todas estas experiencias son avaladas por el ejemplo de los santos a lo largo de los tiempos cuya vida estuvo centrada en este misterio del que se alimentaron.<\/p>\n<p>En <em>Paseando por el Cielo<\/em> descubriremos c\u00f3mo los creyentes tenemos en la custodia un anticipo del Cielo donde podemos encontrar consuelo y buscar respuesta a nuestros interrogantes. Con un estilo \u00e1gil, ameno y divertido, a trav\u00e9s de testimonios personales compartidos con ella, la autora \u2013como ya hizo en <em>De Mar\u00eda a Mar\u00eda<\/em> \u2013, vuelve cautivarnos acerc\u00e1ndonos el Cielo a la tierra, ilumin\u00e1ndonos con una luz que proviene del sagrario.<\/p>\n<p style=\"text-align: center;\"><a href=\"http:\/\/www.mariavallejonagera.com\/\"><b>www.mariavallejonagera.com<\/b><\/a><\/p>\n<p style=\"text-align: center;\">email:\u00a0<a href=\"mailto:oficina@mariavallejonagera.com\"><b>oficina@mariavallejonagera.com<\/b><\/a><\/p>\n<p style=\"text-align: center;\">Comprar libros <a href=\"https:\/\/www.amazon.es\/s?k=maria+vallejo+nagera&amp;__mk_es_ES=\u00c5M\u00c5\u017d\u00d5\u00d1&amp;crid=EZQKB01IE3DY&amp;sprefix=maria+vallejo+najera%2Caps%2C75&amp;ref=nb_sb_noss_1\">AQUI<\/a><\/p>","protected":false},"excerpt":{"rendered":"<p>Mar\u00eda Vallejo-N\u00e1gera Web oficial de Mar\u00eda Vallejo-N\u00e1gera Despu\u00e9s de 2000 a\u00f1os Jes\u00fas sigue vivo y muy activo entre nosotros. \u00bfQui\u00e9n lo cree hoy? \u00bfQu\u00e9 cabeza pensante del siglo XXI es capaz de asumirlo? \u00a1Est\u00e1 vivo en un peque\u00f1o trozo de pan consagrado! Es el mismo que andaba por Galilea\u2026 \u00a1No hay diferencia! Suena a locura,<a class=\"more-link\" href=\"https:\/\/mariavallejonagera.net\/\">Sigue leyendo <span class=\"screen-reader-text\">\u00abMar\u00eda Vallejo Nagera\u00bb<\/span><\/a><\/p>\n","protected":false},"author":2,"featured_media":301,"parent":0,"menu_order":1,"comment_status":"closed","ping_status":"closed","template":"","meta":{"footnotes":""},"class_list":["post-6","page","type-page","status-publish","has-post-thumbnail","hentry","entry"],"_links":{"self":[{"href":"https:\/\/mariavallejonagera.net\/index.php?rest_route=\/wp\/v2\/pages\/6","targetHints":{"allow":["GET"]}}],"collection":[{"href":"https:\/\/mariavallejonagera.net\/index.php?rest_route=\/wp\/v2\/pages"}],"about":[{"href":"https:\/\/mariavallejonagera.net\/index.php?rest_route=\/wp\/v2\/types\/page"}],"author":[{"embeddable":true,"href":"https:\/\/mariavallejonagera.net\/index.php?rest_route=\/wp\/v2\/users\/2"}],"replies":[{"embeddable":true,"href":"https:\/\/mariavallejonagera.net\/index.php?rest_route=%2Fwp%2Fv2%2Fcomments&post=6"}],"version-history":[{"count":5,"href":"https:\/\/mariavallejonagera.net\/index.php?rest_route=\/wp\/v2\/pages\/6\/revisions"}],"predecessor-version":[{"id":1037,"href":"https:\/\/mariavallejonagera.net\/index.php?rest_route=\/wp\/v2\/pages\/6\/revisions\/1037"}],"wp:featuredmedia":[{"embeddable":true,"href":"https:\/\/mariavallejonagera.net\/index.php?rest_route=\/wp\/v2\/media\/301"}],"wp:attachment":[{"href":"https:\/\/mariavallejonagera.net\/index.php?rest_route=%2Fwp%2Fv2%2Fmedia&parent=6"}],"curies":[{"name":"wp","href":"https:\/\/api.w.org\/{rel}","templated":true}]}}